{"id":1956,"date":"2024-03-12T09:20:10","date_gmt":"2024-03-12T09:20:10","guid":{"rendered":"https:\/\/www.website.alfadentclinic.com\/?page_id=1956"},"modified":"2024-04-06T10:20:35","modified_gmt":"2024-04-06T10:20:35","slug":"alfadent-online-appointment","status":"publish","type":"page","link":"https:\/\/www.alfadentclinic.com\/en\/alfadent-online-appointment\/","title":{"rendered":"Alfadent Online Appointment"},"content":{"rendered":"<section id=\"bt_bb_section69ef7b3bb2509\" class=\"bt_bb_section bt_bb_layout_boxed_1200 bt_bb_vertical_align_top bt_bb_section_show_right_boxed_content bt_bb_overlap_columns_right_under\" style=\";background-color:#f2f2f2;\" data-bt-override-class=\"null\"><div class=\"bt_bb_port\"><div class=\"bt_bb_cell\"><div class=\"bt_bb_cell_inner\"><div class=\"bt_bb_row  bt_bb_column_gap_25\" style=\"; --column-gap:25px;\" data-bt-override-class=\"{}\"><div class=\"bt_bb_row_holder\" ><div  class=\"bt_bb_column col-xxl-6 col-xl-6 bt_bb_vertical_align_top bt_bb_align_left bt_bb_padding_normal bt_bb_animation_fade_in animate\" style=\"padding: 0;background-color:rgb(255,255,255);\" data-width=\"6\" data-bt-override-class=\"{}\"><div class=\"bt_bb_column_content\"><div class=\"bt_bb_image bt_bb_shape_square bt_bb_target_self bt_bb_align_inherit bt_bb_hover_style_simple bt_bb_content_display_always bt_bb_content_align_middle\" data-bt-override-class=\"{}\"><span><img loading=\"lazy\" decoding=\"async\" width=\"1920\" height=\"1280\" src=\"https:\/\/www.alfadentclinic.com\/en\/wp-content\/uploads\/2020\/01\/portfolio_06.jpg\" class=\"attachment-full size-full\" alt=\"https:\/\/www.alfadentclinic.com\/en\/wp-content\/uploads\/2020\/01\/portfolio_06.jpg\" data-full_image_src=\"https:\/\/www.alfadentclinic.com\/en\/wp-content\/uploads\/2020\/01\/portfolio_06.jpg\" srcset=\"https:\/\/www.alfadentclinic.com\/en\/wp-content\/uploads\/2020\/01\/portfolio_06.jpg 1920w, https:\/\/www.alfadentclinic.com\/en\/wp-content\/uploads\/2020\/01\/portfolio_06-640x427.jpg 640w, https:\/\/www.alfadentclinic.com\/en\/wp-content\/uploads\/2020\/01\/portfolio_06-1280x853.jpg 1280w, https:\/\/www.alfadentclinic.com\/en\/wp-content\/uploads\/2020\/01\/portfolio_06-768x512.jpg 768w, https:\/\/www.alfadentclinic.com\/en\/wp-content\/uploads\/2020\/01\/portfolio_06-1536x1024.jpg 1536w, https:\/\/www.alfadentclinic.com\/en\/wp-content\/uploads\/2020\/01\/portfolio_06-320x213.jpg 320w\" sizes=\"auto, (max-width: 1920px) 100vw, 1920px\" \/><\/span><\/div><\/div><\/div><div  class=\"bt_bb_column col-xxl-6 col-xl-6 bt_bb_vertical_align_middle bt_bb_align_left bt_bb_highlight bt_bb_padding_double bt_bb_animation_fade_in animate\"  data-width=\"6\" data-bt-override-class=\"{}\"><div class=\"bt_bb_column_content\" style=\"background-color:rgba(255, 255, 255, 1);\"><div class=\"bt_bb_separator bt_bb_border_style_none bt_bb_bottom_spacing_normal\" data-bt-override-class=\"null\"><\/div><header data-bb-version=\"4.8.4\" class=\"bt_bb_headline bt_bb_font_weight_bolder bt_bb_subheadline_text_transform_default bt_bb_color_scheme_17 bt_bb_dash_none bt_bb_size_large bt_bb_align_inherit bt_bb_dash_type_none\" style=\"; --primary-color:#333c4a; --secondary-color:#8a6f5f;\" data-bt-override-class=\"{&quot;bt_bb_size_&quot;:{&quot;current_class&quot;:&quot;bt_bb_size_large&quot;,&quot;def&quot;:&quot;large&quot;},&quot;bt_bb_align_&quot;:{&quot;current_class&quot;:&quot;bt_bb_align_inherit&quot;,&quot;def&quot;:&quot;inherit&quot;}}\"><h2 class=\"bt_bb_headline_tag\"><span class=\"bt_bb_headline_content\"><span><small>Let's Plan<\/small> Your Treatment Together. <\/span><\/span><\/h2><\/header><div class=\"bt_bb_separator bt_bb_border_style_none bt_bb_bottom_spacing_small\" data-bt-override-class=\"null\"><\/div><div  class=\"bt_bb_text\" ><\/p>\n<p>We comprehensively assess your oral and dental health. Contact us to get insights and assessments from our expert dentists.<\/p>\n<p>\n<\/div><div class=\"bt_bb_separator bt_bb_border_style_none bt_bb_bottom_spacing_small\" data-bt-override-class=\"null\"><\/div><div data-bb-version=\"4.8.4\" class=\"bt_bb_contact_form_7\">\n<div class=\"wpcf7 no-js\" id=\"wpcf7-f1511-o1\" lang=\"en-US\" dir=\"ltr\" data-wpcf7-id=\"1511\">\n<div class=\"screen-reader-response\"><p role=\"status\" aria-live=\"polite\" aria-atomic=\"true\"><\/p> <ul><\/ul><\/div>\n<form action=\"\/en\/wp-json\/wp\/v2\/pages\/1956#wpcf7-f1511-o1\" method=\"post\" class=\"wpcf7-form init\" aria-label=\"Contact form\" novalidate=\"novalidate\" data-status=\"init\">\n<fieldset class=\"hidden-fields-container\"><input type=\"hidden\" name=\"_wpcf7\" value=\"1511\" \/><input type=\"hidden\" name=\"_wpcf7_version\" value=\"6.1.5\" \/><input type=\"hidden\" name=\"_wpcf7_locale\" value=\"en_US\" \/><input type=\"hidden\" name=\"_wpcf7_unit_tag\" value=\"wpcf7-f1511-o1\" \/><input type=\"hidden\" name=\"_wpcf7_container_post\" value=\"0\" \/><input type=\"hidden\" name=\"_wpcf7_posted_data_hash\" value=\"\" \/>\n<\/fieldset>\n<p><label> Name Surname<br \/>\n<span class=\"wpcf7-form-control-wrap\" data-name=\"your-name\"><input size=\"40\" maxlength=\"400\" class=\"wpcf7-form-control wpcf7-text wpcf7-validates-as-required\" autocomplete=\"ad\" aria-required=\"true\" aria-invalid=\"false\" value=\"\" type=\"text\" name=\"your-name\" \/><\/span> <\/label>\n<\/p>\n<p><label> E-mail<br \/>\n<span class=\"wpcf7-form-control-wrap\" data-name=\"your-email\"><input size=\"40\" maxlength=\"400\" class=\"wpcf7-form-control wpcf7-email wpcf7-validates-as-required wpcf7-text wpcf7-validates-as-email\" autocomplete=\"email\" aria-required=\"true\" aria-invalid=\"false\" value=\"\" type=\"email\" name=\"your-email\" \/><\/span> <\/label>\n<\/p>\n<p><label> Telephone<br \/>\n<span class=\"wpcf7-form-control-wrap\" data-name=\"your-tel\"><input size=\"40\" maxlength=\"400\" class=\"wpcf7-form-control wpcf7-tel wpcf7-validates-as-required wpcf7-text wpcf7-validates-as-tel\" autocomplete=\"tel\" aria-required=\"true\" aria-invalid=\"false\" value=\"\" type=\"tel\" name=\"your-tel\" \/><\/span> <\/label>\n<\/p>\n<p><label> Request<br \/>\n<span class=\"wpcf7-form-control-wrap\" data-name=\"your-subject\"><input size=\"40\" maxlength=\"400\" class=\"wpcf7-form-control wpcf7-text wpcf7-validates-as-required\" aria-required=\"true\" aria-invalid=\"false\" value=\"\" type=\"text\" name=\"your-subject\" \/><\/span> <\/label>\n<\/p>\n<p><label> Your Message<br \/>\n<span class=\"wpcf7-form-control-wrap\" data-name=\"your-message\"><textarea cols=\"40\" rows=\"10\" maxlength=\"2000\" class=\"wpcf7-form-control wpcf7-textarea\" aria-invalid=\"false\" name=\"your-message\"><\/textarea><\/span> <\/label>\n<\/p>\n<p><a href=\"https:\/\/www.alfadentclinic.com\/en\/kvkk-metni\" target=\"_blank\">I have reviewed the Privacy Policy and Consent Statement.<br \/>\nI agree to receive communication via email and telephone.<\/a><br \/>\n<span class=\"wpcf7-form-control-wrap\" data-name=\"checkbox-286\"><span class=\"wpcf7-form-control wpcf7-checkbox wpcf7-validates-as-required\"><span class=\"wpcf7-list-item first last\"><label><input type=\"checkbox\" name=\"checkbox-286[]\" value=\"I confirm my understanding and acceptance..\" \/><span class=\"wpcf7-list-item-label\">I confirm my understanding and acceptance..<\/span><\/label><\/span><\/span><\/span>\n<\/p>\n<p><input class=\"wpcf7-form-control wpcf7-submit has-spinner\" type=\"submit\" value=\"Contact Us Now\" \/>\n<\/p><p style=\"display: none !important;\" class=\"akismet-fields-container\" data-prefix=\"_wpcf7_ak_\"><label>&#916;<textarea name=\"_wpcf7_ak_hp_textarea\" cols=\"45\" rows=\"8\" maxlength=\"100\"><\/textarea><\/label><input type=\"hidden\" id=\"ak_js_1\" name=\"_wpcf7_ak_js\" value=\"185\"\/><script type=\"text\/javascript\">\n\/* <![CDATA[ *\/\ndocument.getElementById( \"ak_js_1\" ).setAttribute( \"value\", ( new Date() ).getTime() );\n\/* ]]> *\/\n<\/script>\n<\/p><div class=\"wpcf7-response-output\" aria-hidden=\"true\"><\/div>\n<\/form>\n<\/div>\n<\/div><div class=\"bt_bb_separator bt_bb_border_style_none bt_bb_bottom_spacing_normal\" data-bt-override-class=\"null\"><\/div><div class=\"bt_bb_column_highlight\"><\/div><\/div><\/div><\/div><\/div><div class=\"bt_bb_row \"  data-bt-override-class=\"{}\"><div class=\"bt_bb_row_holder\" ><div  class=\"bt_bb_column col-xxl-12 col-xl-12 bt_bb_vertical_align_top bt_bb_align_left bt_bb_padding_normal\"  data-width=\"12\" data-bt-override-class=\"{}\"><div class=\"bt_bb_column_content\"><\/div><\/div><\/div><\/div><\/div><!-- cell_inner --><\/div><!-- cell --><\/div><!-- port --><\/section>\n","protected":false},"excerpt":{"rendered":"","protected":false},"author":1,"featured_media":0,"parent":0,"menu_order":0,"comment_status":"closed","ping_status":"closed","template":"","meta":{"footnotes":""},"class_list":["post-1956","page","type-page","status-publish","hentry"],"yoast_head":"<!-- This site is optimized with the Yoast SEO plugin v22.3 - https:\/\/yoast.com\/wordpress\/plugins\/seo\/ -->\n<title>Alfadent Online Appointment - Alfadent Clinic<\/title>\n<meta name=\"robots\" content=\"index, follow, max-snippet:-1, max-image-preview:large, max-video-preview:-1\" \/>\n<link rel=\"canonical\" href=\"https:\/\/www.alfadentclinic.com\/en\/alfadent-online-appointment\/\" \/>\n<meta property=\"og:locale\" content=\"tr_TR\" \/>\n<meta property=\"og:type\" content=\"article\" \/>\n<meta property=\"og:title\" content=\"Alfadent Online Appointment - Alfadent Clinic\" \/>\n<meta property=\"og:url\" content=\"https:\/\/www.alfadentclinic.com\/en\/alfadent-online-appointment\/\" \/>\n<meta property=\"og:site_name\" content=\"Alfadent Clinic\" \/>\n<meta property=\"article:modified_time\" content=\"2024-04-06T10:20:35+00:00\" \/>\n<meta name=\"twitter:card\" content=\"summary_large_image\" \/>\n<meta name=\"twitter:label1\" content=\"Tahmini okuma s\u00fcresi\" \/>\n\t<meta name=\"twitter:data1\" content=\"1 dakika\" \/>\n<script type=\"application\/ld+json\" class=\"yoast-schema-graph\">{\"@context\":\"https:\/\/schema.org\",\"@graph\":[{\"@type\":\"WebPage\",\"@id\":\"https:\/\/www.alfadentclinic.com\/en\/alfadent-online-appointment\/\",\"url\":\"https:\/\/www.alfadentclinic.com\/en\/alfadent-online-appointment\/\",\"name\":\"Alfadent Online Appointment - Alfadent Clinic\",\"isPartOf\":{\"@id\":\"https:\/\/www.alfadentclinic.com\/en\/#website\"},\"datePublished\":\"2024-03-12T09:20:10+00:00\",\"dateModified\":\"2024-04-06T10:20:35+00:00\",\"breadcrumb\":{\"@id\":\"https:\/\/www.alfadentclinic.com\/en\/alfadent-online-appointment\/#breadcrumb\"},\"inLanguage\":\"tr\",\"potentialAction\":[{\"@type\":\"ReadAction\",\"target\":[\"https:\/\/www.alfadentclinic.com\/en\/alfadent-online-appointment\/\"]}]},{\"@type\":\"BreadcrumbList\",\"@id\":\"https:\/\/www.alfadentclinic.com\/en\/alfadent-online-appointment\/#breadcrumb\",\"itemListElement\":[{\"@type\":\"ListItem\",\"position\":1,\"name\":\"Anasayfa\",\"item\":\"https:\/\/www.alfadentclinic.com\/en\/\"},{\"@type\":\"ListItem\",\"position\":2,\"name\":\"Alfadent Online Appointment\"}]},{\"@type\":\"WebSite\",\"@id\":\"https:\/\/www.alfadentclinic.com\/en\/#website\",\"url\":\"https:\/\/www.alfadentclinic.com\/en\/\",\"name\":\"Alfadent Clinic\",\"description\":\"G\u00fcl\u00fc\u015f\u00fcn\u00fcz\u00fc \u00d6nemsiyoruz\",\"potentialAction\":[{\"@type\":\"SearchAction\",\"target\":{\"@type\":\"EntryPoint\",\"urlTemplate\":\"https:\/\/www.alfadentclinic.com\/en\/?s={search_term_string}\"},\"query-input\":\"required name=search_term_string\"}],\"inLanguage\":\"tr\"}]}<\/script>\n<!-- \/ Yoast SEO plugin. -->","yoast_head_json":{"title":"Alfadent Online Appointment - Alfadent Clinic","robots":{"index":"index","follow":"follow","max-snippet":"max-snippet:-1","max-image-preview":"max-image-preview:large","max-video-preview":"max-video-preview:-1"},"canonical":"https:\/\/www.alfadentclinic.com\/en\/alfadent-online-appointment\/","og_locale":"tr_TR","og_type":"article","og_title":"Alfadent Online Appointment - Alfadent Clinic","og_url":"https:\/\/www.alfadentclinic.com\/en\/alfadent-online-appointment\/","og_site_name":"Alfadent Clinic","article_modified_time":"2024-04-06T10:20:35+00:00","twitter_card":"summary_large_image","twitter_misc":{"Tahmini okuma s\u00fcresi":"1 dakika"},"schema":{"@context":"https:\/\/schema.org","@graph":[{"@type":"WebPage","@id":"https:\/\/www.alfadentclinic.com\/en\/alfadent-online-appointment\/","url":"https:\/\/www.alfadentclinic.com\/en\/alfadent-online-appointment\/","name":"Alfadent Online Appointment - Alfadent Clinic","isPartOf":{"@id":"https:\/\/www.alfadentclinic.com\/en\/#website"},"datePublished":"2024-03-12T09:20:10+00:00","dateModified":"2024-04-06T10:20:35+00:00","breadcrumb":{"@id":"https:\/\/www.alfadentclinic.com\/en\/alfadent-online-appointment\/#breadcrumb"},"inLanguage":"tr","potentialAction":[{"@type":"ReadAction","target":["https:\/\/www.alfadentclinic.com\/en\/alfadent-online-appointment\/"]}]},{"@type":"BreadcrumbList","@id":"https:\/\/www.alfadentclinic.com\/en\/alfadent-online-appointment\/#breadcrumb","itemListElement":[{"@type":"ListItem","position":1,"name":"Anasayfa","item":"https:\/\/www.alfadentclinic.com\/en\/"},{"@type":"ListItem","position":2,"name":"Alfadent Online Appointment"}]},{"@type":"WebSite","@id":"https:\/\/www.alfadentclinic.com\/en\/#website","url":"https:\/\/www.alfadentclinic.com\/en\/","name":"Alfadent Clinic","description":"G\u00fcl\u00fc\u015f\u00fcn\u00fcz\u00fc \u00d6nemsiyoruz","potentialAction":[{"@type":"SearchAction","target":{"@type":"EntryPoint","urlTemplate":"https:\/\/www.alfadentclinic.com\/en\/?s={search_term_string}"},"query-input":"required name=search_term_string"}],"inLanguage":"tr"}]}},"_links":{"self":[{"href":"https:\/\/www.alfadentclinic.com\/en\/wp-json\/wp\/v2\/pages\/1956","targetHints":{"allow":["GET"]}}],"collection":[{"href":"https:\/\/www.alfadentclinic.com\/en\/wp-json\/wp\/v2\/pages"}],"about":[{"href":"https:\/\/www.alfadentclinic.com\/en\/wp-json\/wp\/v2\/types\/page"}],"author":[{"embeddable":true,"href":"https:\/\/www.alfadentclinic.com\/en\/wp-json\/wp\/v2\/users\/1"}],"replies":[{"embeddable":true,"href":"https:\/\/www.alfadentclinic.com\/en\/wp-json\/wp\/v2\/comments?post=1956"}],"version-history":[{"count":7,"href":"https:\/\/www.alfadentclinic.com\/en\/wp-json\/wp\/v2\/pages\/1956\/revisions"}],"predecessor-version":[{"id":2937,"href":"https:\/\/www.alfadentclinic.com\/en\/wp-json\/wp\/v2\/pages\/1956\/revisions\/2937"}],"wp:attachment":[{"href":"https:\/\/www.alfadentclinic.com\/en\/wp-json\/wp\/v2\/media?parent=1956"}],"curies":[{"name":"wp","href":"https:\/\/api.w.org\/{rel}","templated":true}]}}