{"id":2192,"date":"2024-03-14T16:40:38","date_gmt":"2024-03-14T16:40:38","guid":{"rendered":"https:\/\/www.website.alfadentclinic.com\/?page_id=2192"},"modified":"2024-04-06T09:24:50","modified_gmt":"2024-04-06T09:24:50","slug":"prosthesis-treatment","status":"publish","type":"page","link":"https:\/\/www.alfadentclinic.com\/en\/prosthesis-treatment\/","title":{"rendered":"Protez Tedavisi"},"content":{"rendered":"<p><section id=\"bt_bb_section69ef79898e9b4\" class=\"bt_bb_section bt_bb_color_scheme_2 bt_bb_layout_boxed_1200 bt_bb_vertical_align_top bt_bb_background_overlay_light_solid bt_bb_top_spacing_extra_large bt_bb_bottom_spacing_normal\" style=\"; --section-primary-color:#191919; --section-secondary-color:#ffffff;\" data-bt-override-class=\"{&quot;bt_bb_bottom_spacing_&quot;:{&quot;current_class&quot;:&quot;bt_bb_bottom_spacing_normal&quot;,&quot;def&quot;:&quot;normal&quot;}}\"><div class=\"bt_bb_background_image_holder_wrapper\"><div class=\"bt_bb_background_image_holder btLazyLoadBackground bt_bb_parallax\"  data-background_image_src=\"https:\/\/www.alfadentclinic.com\/en\/wp-content\/uploads\/2020\/02\/about_us_background.jpg\" data-parallax=\"0.7\" data-parallax-offset=\"0\" data-parallax-zoom-start=\"1\" data-parallax-zoom-end=\"1\" data-parallax-blur-start=\"0\" data-parallax-blur-end=\"0\" data-parallax-opacity-start=\"1\" data-parallax-opacity-end=\"1\" style=\" background-image: url(&#039;https:\/\/www.alfadentclinic.com\/en\/wp-content\/plugins\/bold-page-builder\/img\/blank.gif&#039;);\"><\/div><\/div><div class=\"bt_bb_port\"><div class=\"bt_bb_cell\"><div class=\"bt_bb_cell_inner\"><div class=\"bt_bb_row \"  data-bt-override-class=\"{}\"><div class=\"bt_bb_row_holder\" ><div  class=\"bt_bb_column col-xxl-12 col-xl-12 bt_bb_vertical_align_top bt_bb_align_left bt_bb_padding_normal\"  data-width=\"12\" data-bt-override-class=\"{}\"><div class=\"bt_bb_column_content\"><div class=\"bt_bb_separator bt_bb_border_style_none bt_bb_bottom_spacing_large\" data-bt-override-class=\"null\"><\/div><\/div><\/div><\/div><\/div><div class=\"bt_bb_row \"  data-bt-override-class=\"{}\"><div class=\"bt_bb_row_holder\" ><div  class=\"bt_bb_column col-xxl-8 col-xl-8 bt_bb_vertical_align_top bt_bb_align_left bt_bb_padding_normal bt_bb_animation_fade_in animate\"  data-width=\"8\" data-bt-override-class=\"{}\"><div class=\"bt_bb_column_content\"><header data-bb-version=\"4.8.4\" class=\"bt_bb_headline bt_bb_font_weight_bolder bt_bb_subheadline_text_transform_default bt_bb_color_scheme_17 bt_bb_dash_none bt_bb_size_huge bt_bb_align_inherit bt_bb_dash_type_none\" style=\"; --primary-color:#333c4a; --secondary-color:#8a6f5f;\" data-bt-override-class=\"{&quot;bt_bb_size_&quot;:{&quot;current_class&quot;:&quot;bt_bb_size_huge&quot;,&quot;def&quot;:&quot;huge&quot;},&quot;bt_bb_align_&quot;:{&quot;current_class&quot;:&quot;bt_bb_align_inherit&quot;,&quot;def&quot;:&quot;inherit&quot;}}\"><h3 class=\"bt_bb_headline_tag\"><span class=\"bt_bb_headline_content\"><span>Prosthetic Treatment<\/span><\/span><\/h3><\/header><\/div><\/div><div  class=\"bt_bb_column col-xxl-4 col-xl-4 bt_bb_vertical_align_top bt_bb_align_left bt_bb_padding_normal\"  data-width=\"4\" data-bt-override-class=\"{}\"><div class=\"bt_bb_column_content\"><\/div><\/div><\/div><\/div><div class=\"bt_bb_row \"  data-bt-override-class=\"{}\"><div class=\"bt_bb_row_holder\" ><div  class=\"bt_bb_column col-xxl-12 col-xl-12 bt_bb_vertical_align_top bt_bb_align_left bt_bb_padding_normal bt_bb_animation_fade_in animate\"  data-width=\"12\" data-bt-override-class=\"{}\"><div class=\"bt_bb_column_content\"><div class=\"bt_bb_separator bt_bb_border_style_solid bt_bb_top_spacing_normal bt_bb_bottom_spacing_normal\" data-bt-override-class=\"null\"><\/div><\/div><\/div><\/div><\/div><div class=\"bt_bb_row \"  data-bt-override-class=\"{}\"><div class=\"bt_bb_row_holder\" ><\/div><\/div><div class=\"bt_bb_row \"  data-bt-override-class=\"{}\"><div class=\"bt_bb_row_holder\" ><\/div><\/div><div data-bb-version=\"4.8.4\" class=\"bt_bb_row \"  data-bt-override-class=\"{}\"><div class=\"bt_bb_row_holder\" ><div data-bb-version=\"4.8.4\"  class=\"bt_bb_column col-xxl-12 col-xl-12 col-xs-12 col-sm-12 col-md-12 col-lg-12 bt_bb_vertical_align_top bt_bb_align_left bt_bb_padding_normal\"  data-width=\"12\" data-bt-override-class=\"{}\"><div class=\"bt_bb_column_content\"><\/div><\/div><\/div><\/div><\/div><!-- cell_inner --><\/div><!-- cell --><\/div><!-- port --><\/section><section data-bb-version=\"4.8.4\" id=\"bt_bb_section69ef79898f639\" class=\"bt_bb_section bt_bb_layout_boxed_1200\"  data-bt-override-class=\"null\"><div class=\"bt_bb_port\"><div class=\"bt_bb_cell\"><div class=\"bt_bb_cell_inner\"><div class=\"bt_bb_row \"  data-bt-override-class=\"{}\"><div class=\"bt_bb_row_holder\" ><div data-bb-version=\"4.8.4\"  class=\"bt_bb_column col-xxl-12 col-xl-12 col-xs-12 col-sm-12 col-md-12 col-lg-12 bt_bb_vertical_align_top bt_bb_align_left bt_bb_padding_normal\"  data-width=\"12\" data-bt-override-class=\"{}\"><div class=\"bt_bb_column_content\"><div data-bb-version=\"4.8.4\" class=\"bt_bb_image bt_bb_shape_square bt_bb_target_self bt_bb_align_inherit bt_bb_hover_style_simple bt_bb_content_display_always bt_bb_content_align_middle bt_bb_content_exists\" style=\"height:250; overflow: hidden;\" data-bt-override-class=\"{&quot;bt_bb_align_&quot;:{&quot;current_class&quot;:&quot;bt_bb_align_inherit&quot;,&quot;def&quot;:&quot;inherit&quot;},&quot;bt_bb_content_display_&quot;:{&quot;current_class&quot;:&quot;bt_bb_content_display_always&quot;,&quot;def&quot;:&quot;always&quot;}}\"><span><img loading=\"lazy\" decoding=\"async\" width=\"1479\" height=\"550\" src=\"https:\/\/www.alfadentclinic.com\/en\/wp-content\/uploads\/2024\/03\/protez-tedavisi-alfadent-e1711042752432.jpg\" class=\"attachment-full size-full\" alt=\"https:\/\/www.alfadentclinic.com\/en\/wp-content\/uploads\/2024\/03\/protez-tedavisi-alfadent-e1711042752432.jpg\" data-full_image_src=\"https:\/\/www.alfadentclinic.com\/en\/wp-content\/uploads\/2024\/03\/protez-tedavisi-alfadent-e1711042752432.jpg\" title=\"protez-tedavisi-alfadent\" srcset=\"https:\/\/www.alfadentclinic.com\/en\/wp-content\/uploads\/2024\/03\/protez-tedavisi-alfadent-e1711042752432.jpg 1479w, https:\/\/www.alfadentclinic.com\/en\/wp-content\/uploads\/2024\/03\/protez-tedavisi-alfadent-e1711042752432-640x238.jpg 640w, https:\/\/www.alfadentclinic.com\/en\/wp-content\/uploads\/2024\/03\/protez-tedavisi-alfadent-e1711042752432-1280x476.jpg 1280w, https:\/\/www.alfadentclinic.com\/en\/wp-content\/uploads\/2024\/03\/protez-tedavisi-alfadent-e1711042752432-768x286.jpg 768w, https:\/\/www.alfadentclinic.com\/en\/wp-content\/uploads\/2024\/03\/protez-tedavisi-alfadent-e1711042752432-320x119.jpg 320w\" sizes=\"auto, (max-width: 1479px) 100vw, 1479px\" \/><\/span><div class=\"bt_bb_image_content\" ><div class=\"bt_bb_image_content_flex\"><div class=\"bt_bb_image_content_inner\"><div data-bb-version=\"4.8.4\" class=\"bt_bb_separator bt_bb_border_style_none bt_bb_top_spacing_none bt_bb_bottom_spacing_none\" data-bt-override-class=\"{&quot;bt_bb_top_spacing_&quot;:{&quot;current_class&quot;:&quot;bt_bb_top_spacing_none&quot;,&quot;def&quot;:&quot;none&quot;},&quot;bt_bb_bottom_spacing_&quot;:{&quot;current_class&quot;:&quot;bt_bb_bottom_spacing_none&quot;,&quot;def&quot;:&quot;none&quot;}}\"><\/div><\/div><\/div><\/div><\/div><div class=\"bt_bb_separator bt_bb_border_style_solid bt_bb_top_spacing_small bt_bb_bottom_spacing_normal\" style=\"; border-width: 1px\" data-bt-override-class=\"{&quot;bt_bb_bottom_spacing_&quot;:{&quot;current_class&quot;:&quot;bt_bb_bottom_spacing_normal&quot;,&quot;def&quot;:&quot;normal&quot;}}\"><\/div><header data-bb-version=\"4.8.4\" class=\"bt_bb_headline bt_bb_font_weight_bold bt_bb_subheadline_text_transform_default bt_bb_dash_none bt_bb_size_inherit bt_bb_align_inherit bt_bb_dash_type_none\" style=\";font-family:&#039;Roboto&#039;\" data-bt-override-class=\"{&quot;bt_bb_size_&quot;:{&quot;current_class&quot;:&quot;bt_bb_size_inherit&quot;,&quot;def&quot;:&quot;inherit&quot;},&quot;bt_bb_align_&quot;:{&quot;current_class&quot;:&quot;bt_bb_align_inherit&quot;,&quot;def&quot;:&quot;inherit&quot;}}\"><h3 style=\"font-family:&#039;Roboto&#039;\" class=\"bt_bb_headline_tag\"><span class=\"bt_bb_headline_content\"><span>Prosthetic Treatment<\/span><\/span><\/h3><\/header><div data-bb-version=\"4.8.4\" class=\"bt_bb_separator bt_bb_border_style_solid bt_bb_top_spacing_extra_small bt_bb_bottom_spacing_extra_small\" style=\"; border-width: 0\" data-bt-override-class=\"{&quot;bt_bb_top_spacing_&quot;:{&quot;current_class&quot;:&quot;bt_bb_top_spacing_extra_small&quot;,&quot;def&quot;:&quot;extra_small&quot;},&quot;bt_bb_bottom_spacing_&quot;:{&quot;current_class&quot;:&quot;bt_bb_bottom_spacing_extra_small&quot;,&quot;def&quot;:&quot;extra_small&quot;}}\"><\/div><div data-bb-version=\"4.8.4\"  class=\"bt_bb_text\" ><\/p>\n<p>Prosthetic treatment is typically sought by patients who have delayed seeking treatment. This method involves placing various prosthetics in an aesthetic manner to replace lost teeth without compromising oral integrity. Commonly known as &#8220;denture treatment&#8221; among the public, this practice aims to help individuals feel better about themselves aesthetically.<\/p>\n<h5><strong>Removable Dentures<br \/>\n<\/strong><\/h5>\n<p>Removable dentures are used when there is natural tooth support, but insufficient support for fixed prosthetics. These prosthetics are designed to be worn and removed by the patient, utilizing support from both teeth and tissues.<\/p>\n<h5><strong>Porcelain Veneers<\/strong><\/h5>\n<p>Porcelain veneers are one of the methods used to address any loss of substance in teeth due to issues like decay or breakage. Widely employed in cosmetic dentistry, these veneers are made of porcelain and are used to enhance the appearance of teeth affected by discoloration, worn-out appearance of front teeth, accidental loss of front teeth, restoration of prosthetic teeth, and to provide aesthetic enhancement in orthodontic dental treatments.<\/p>\n<h5><strong>Precision Attachment Dentures<\/strong><\/h5>\n<p>In removable dentures, metal extensions placed over natural teeth for support can disrupt the aesthetic appearance. Precision attachment dentures are used to eliminate this drawback.<\/p>\n<h5><strong>Implant-Supported Dentures<br \/>\n<\/strong><\/h5>\n<p>Implant-supported dentures are prosthetics placed on titanium screws called implants in cases of tooth loss. This treatment is aimed at replacing lost teeth with new ones and restoring natural tooth functions. Implant-supported dentures sit on a solid foundation created by integrating the implant into the jawbone. The prosthetic placed on top has a special design resembling real teeth both aesthetically and functionally.<\/p>\n<h5><strong>All On 4<\/strong><\/h5>\n<p>The All-On-4 treatment is a method employed to avoid surgical operations due to sinus lifts, bone resorption, and bone insufficiency in patients who have no teeth or may soon become toothless. Also known as the quadruple implant method, it is a highly advanced system compared to traditional implants. Instead of using one implant for each missing tooth, four implants are used both on the upper and lower jaws. Afterwards, dental prostheses are fixed onto these implants.<\/p>\n<p>\n<\/div><\/div><\/div><\/div><\/div><div data-bb-version=\"4.8.4\" class=\"bt_bb_row \"  data-bt-override-class=\"{}\"><div class=\"bt_bb_row_holder\" ><\/div><\/div><\/div><!-- cell_inner --><\/div><!-- cell --><\/div><!-- port --><\/section><section id=\"bt_bb_section69ef7989908e0\" class=\"bt_bb_section bt_bb_layout_boxed_1200 bt_bb_vertical_align_top bt_bb_top_spacing_large\"  data-bt-override-class=\"null\"><div class=\"bt_bb_background_image_holder_wrapper\"><div class=\"bt_bb_background_image_holder btLazyLoadBackground\"  data-background_image_src=\"https:\/\/www.alfadentclinic.com\/en\/wp-content\/uploads\/2020\/02\/background-4.jpg\" data-parallax-zoom-start=\"1\" data-parallax-zoom-end=\"1\" data-parallax-blur-start=\"0\" data-parallax-blur-end=\"0\" data-parallax-opacity-start=\"1\" data-parallax-opacity-end=\"1\" style=\" background-image: url(&#039;https:\/\/www.alfadentclinic.com\/en\/wp-content\/plugins\/bold-page-builder\/img\/blank.gif&#039;);\"><\/div><\/div><div class=\"bt_bb_port\"><div class=\"bt_bb_cell\"><div class=\"bt_bb_cell_inner\"><div class=\"bt_bb_row  bt_bb_column_gap_medium\"  data-bt-override-class=\"{}\"><div class=\"bt_bb_row_holder\" ><div  class=\"bt_bb_column col-xxl-6 col-xl-6 bt_bb_vertical_align_middle bt_bb_align_left bt_bb_padding_normal bt_bb_animation_fade_in animate\"  data-width=\"6\" data-bt-override-class=\"{}\"><div class=\"bt_bb_column_content\"><header class=\"bt_bb_headline bt_bb_font_weight_bolder bt_bb_color_scheme_17 bt_bb_dash_none bt_bb_size_extralarge bt_bb_align_inherit bt_bb_dash_type_none\" style=\"; --primary-color:#333c4a; --secondary-color:#8a6f5f;\" data-bt-override-class=\"{}\"><h2 class=\"bt_bb_headline_tag\"><span class=\"bt_bb_headline_content\"><span><small>Let's Plan<\/small> Your Treatment Together. <\/span><\/span><\/h2><\/header><div class=\"bt_bb_separator bt_bb_border_style_none bt_bb_bottom_spacing_small\" data-bt-override-class=\"null\"><\/div><div  class=\"bt_bb_text\" ><\/p>\n<p>With 20 years of experience and expert dental professionals and consultants, we welcome you to Alfadent Clinic.<\/p>\n<p>Contact us to discuss your personalized treatment plan.<\/p>\n<p>\n<\/div><div class=\"bt_bb_separator bt_bb_border_style_solid bt_bb_top_spacing_small bt_bb_bottom_spacing_small\" style=\"; border-width: 1px\" data-bt-override-class=\"null\"><\/div><div data-bb-version=\"4.8.4\" class=\"bt_bb_contact_form_7\">\n<div class=\"wpcf7 no-js\" id=\"wpcf7-f1511-o1\" lang=\"en-US\" dir=\"ltr\" data-wpcf7-id=\"1511\">\n<div class=\"screen-reader-response\"><p role=\"status\" aria-live=\"polite\" aria-atomic=\"true\"><\/p> <ul><\/ul><\/div>\n<form action=\"\/en\/wp-json\/wp\/v2\/pages\/2192#wpcf7-f1511-o1\" method=\"post\" class=\"wpcf7-form init\" aria-label=\"Contact form\" novalidate=\"novalidate\" data-status=\"init\">\n<fieldset class=\"hidden-fields-container\"><input type=\"hidden\" name=\"_wpcf7\" value=\"1511\" \/><input type=\"hidden\" name=\"_wpcf7_version\" value=\"6.1.5\" \/><input type=\"hidden\" name=\"_wpcf7_locale\" value=\"en_US\" \/><input type=\"hidden\" name=\"_wpcf7_unit_tag\" value=\"wpcf7-f1511-o1\" \/><input type=\"hidden\" name=\"_wpcf7_container_post\" value=\"0\" \/><input type=\"hidden\" name=\"_wpcf7_posted_data_hash\" value=\"\" \/>\n<\/fieldset>\n<p><label> Name Surname<br \/>\n<span class=\"wpcf7-form-control-wrap\" data-name=\"your-name\"><input size=\"40\" maxlength=\"400\" class=\"wpcf7-form-control wpcf7-text wpcf7-validates-as-required\" autocomplete=\"ad\" aria-required=\"true\" aria-invalid=\"false\" value=\"\" type=\"text\" name=\"your-name\" \/><\/span> <\/label>\n<\/p>\n<p><label> E-mail<br \/>\n<span class=\"wpcf7-form-control-wrap\" data-name=\"your-email\"><input size=\"40\" maxlength=\"400\" class=\"wpcf7-form-control wpcf7-email wpcf7-validates-as-required wpcf7-text wpcf7-validates-as-email\" autocomplete=\"email\" aria-required=\"true\" aria-invalid=\"false\" value=\"\" type=\"email\" name=\"your-email\" \/><\/span> <\/label>\n<\/p>\n<p><label> Telephone<br \/>\n<span class=\"wpcf7-form-control-wrap\" data-name=\"your-tel\"><input size=\"40\" maxlength=\"400\" class=\"wpcf7-form-control wpcf7-tel wpcf7-validates-as-required wpcf7-text wpcf7-validates-as-tel\" autocomplete=\"tel\" aria-required=\"true\" aria-invalid=\"false\" value=\"\" type=\"tel\" name=\"your-tel\" \/><\/span> <\/label>\n<\/p>\n<p><label> Request<br \/>\n<span class=\"wpcf7-form-control-wrap\" data-name=\"your-subject\"><input size=\"40\" maxlength=\"400\" class=\"wpcf7-form-control wpcf7-text wpcf7-validates-as-required\" aria-required=\"true\" aria-invalid=\"false\" value=\"\" type=\"text\" name=\"your-subject\" \/><\/span> <\/label>\n<\/p>\n<p><label> Your Message<br \/>\n<span class=\"wpcf7-form-control-wrap\" data-name=\"your-message\"><textarea cols=\"40\" rows=\"10\" maxlength=\"2000\" class=\"wpcf7-form-control wpcf7-textarea\" aria-invalid=\"false\" name=\"your-message\"><\/textarea><\/span> <\/label>\n<\/p>\n<p><a href=\"https:\/\/www.alfadentclinic.com\/en\/kvkk-metni\" target=\"_blank\">I have reviewed the Privacy Policy and Consent Statement.<br \/>\nI agree to receive communication via email and telephone.<\/a><br \/>\n<span class=\"wpcf7-form-control-wrap\" data-name=\"checkbox-286\"><span class=\"wpcf7-form-control wpcf7-checkbox wpcf7-validates-as-required\"><span class=\"wpcf7-list-item first last\"><label><input type=\"checkbox\" name=\"checkbox-286[]\" value=\"I confirm my understanding and acceptance..\" \/><span class=\"wpcf7-list-item-label\">I confirm my understanding and acceptance..<\/span><\/label><\/span><\/span><\/span>\n<\/p>\n<p><input class=\"wpcf7-form-control wpcf7-submit has-spinner\" type=\"submit\" value=\"Contact Us Now\" \/>\n<\/p><p style=\"display: none !important;\" class=\"akismet-fields-container\" data-prefix=\"_wpcf7_ak_\"><label>&#916;<textarea name=\"_wpcf7_ak_hp_textarea\" cols=\"45\" rows=\"8\" maxlength=\"100\"><\/textarea><\/label><input type=\"hidden\" id=\"ak_js_1\" name=\"_wpcf7_ak_js\" value=\"194\"\/><script type=\"text\/javascript\">\n\/* <![CDATA[ *\/\ndocument.getElementById( \"ak_js_1\" ).setAttribute( \"value\", ( new Date() ).getTime() );\n\/* ]]> *\/\n<\/script>\n<\/p><div class=\"wpcf7-response-output\" aria-hidden=\"true\"><\/div>\n<\/form>\n<\/div>\n<\/div><div class=\"bt_bb_separator bt_bb_border_style_none bt_bb_bottom_spacing_medium\" data-bt-override-class=\"null\"><\/div><\/div><\/div><div  class=\"bt_bb_column col-xxl-6 col-xl-6 bt_bb_vertical_align_top bt_bb_align_left bt_bb_padding_normal bt_bb_animation_fade_in animate\"  data-width=\"6\" data-bt-override-class=\"{}\"><div class=\"bt_bb_column_content\"><div class=\"bt_bb_image bt_bb_shape_square bt_bb_target_self bt_bb_align_inherit bt_bb_hover_style_simple bt_bb_content_display_always bt_bb_content_align_middle\" data-bt-override-class=\"{}\"><span><img loading=\"lazy\" decoding=\"async\" width=\"817\" height=\"1226\" src=\"https:\/\/www.alfadentclinic.com\/en\/wp-content\/uploads\/2024\/03\/alfadent-dis-iletisim-1.jpg\" class=\"attachment-full size-full\" alt=\"https:\/\/www.alfadentclinic.com\/en\/wp-content\/uploads\/2024\/03\/alfadent-dis-iletisim-1.jpg\" data-full_image_src=\"https:\/\/www.alfadentclinic.com\/en\/wp-content\/uploads\/2024\/03\/alfadent-dis-iletisim-1.jpg\" title=\"alfadent-dis-iletisim-1\" srcset=\"https:\/\/www.alfadentclinic.com\/en\/wp-content\/uploads\/2024\/03\/alfadent-dis-iletisim-1.jpg 817w, https:\/\/www.alfadentclinic.com\/en\/wp-content\/uploads\/2024\/03\/alfadent-dis-iletisim-1-640x960.jpg 640w, https:\/\/www.alfadentclinic.com\/en\/wp-content\/uploads\/2024\/03\/alfadent-dis-iletisim-1-768x1152.jpg 768w, https:\/\/www.alfadentclinic.com\/en\/wp-content\/uploads\/2024\/03\/alfadent-dis-iletisim-1-320x480.jpg 320w\" sizes=\"auto, (max-width: 817px) 100vw, 817px\" \/><\/span><\/div><\/div><\/div><\/div><\/div><\/div><!-- cell_inner --><\/div><!-- cell --><\/div><!-- port --><\/section><\/p>\n","protected":false},"excerpt":{"rendered":"<p>Proactively envisioned multimedia based expertise and cross-media growth strategies. Seamlessly visualize quality intellectual capital without superior collaboration and idea-sharing. Holistically pontificate installed base portals after maintainable products.<\/p>\n","protected":false},"author":1,"featured_media":0,"parent":0,"menu_order":0,"comment_status":"closed","ping_status":"closed","template":"","meta":{"footnotes":""},"class_list":["post-2192","page","type-page","status-publish","hentry"],"yoast_head":"<!-- This site is optimized with the Yoast SEO plugin v22.3 - https:\/\/yoast.com\/wordpress\/plugins\/seo\/ -->\n<title>Protez Tedavisi - Alfadent Clinic<\/title>\n<meta name=\"robots\" content=\"index, follow, max-snippet:-1, max-image-preview:large, max-video-preview:-1\" \/>\n<link rel=\"canonical\" href=\"https:\/\/www.alfadentclinic.com\/en\/prosthesis-treatment\/\" \/>\n<meta property=\"og:locale\" content=\"tr_TR\" \/>\n<meta property=\"og:type\" content=\"article\" \/>\n<meta property=\"og:title\" content=\"Protez Tedavisi - Alfadent Clinic\" \/>\n<meta property=\"og:description\" content=\"Proactively envisioned multimedia based expertise and cross-media growth strategies. Seamlessly visualize quality intellectual capital without superior collaboration and idea-sharing. Holistically pontificate installed base portals after maintainable products.\" \/>\n<meta property=\"og:url\" content=\"https:\/\/www.alfadentclinic.com\/en\/prosthesis-treatment\/\" \/>\n<meta property=\"og:site_name\" content=\"Alfadent Clinic\" \/>\n<meta property=\"article:modified_time\" content=\"2024-04-06T09:24:50+00:00\" \/>\n<meta name=\"twitter:card\" content=\"summary_large_image\" \/>\n<meta name=\"twitter:label1\" content=\"Tahmini okuma s\u00fcresi\" \/>\n\t<meta name=\"twitter:data1\" content=\"5 dakika\" \/>\n<script type=\"application\/ld+json\" class=\"yoast-schema-graph\">{\"@context\":\"https:\/\/schema.org\",\"@graph\":[{\"@type\":\"WebPage\",\"@id\":\"https:\/\/www.alfadentclinic.com\/en\/prosthesis-treatment\/\",\"url\":\"https:\/\/www.alfadentclinic.com\/en\/prosthesis-treatment\/\",\"name\":\"Protez Tedavisi - Alfadent Clinic\",\"isPartOf\":{\"@id\":\"https:\/\/www.alfadentclinic.com\/en\/#website\"},\"datePublished\":\"2024-03-14T16:40:38+00:00\",\"dateModified\":\"2024-04-06T09:24:50+00:00\",\"breadcrumb\":{\"@id\":\"https:\/\/www.alfadentclinic.com\/en\/prosthesis-treatment\/#breadcrumb\"},\"inLanguage\":\"tr\",\"potentialAction\":[{\"@type\":\"ReadAction\",\"target\":[\"https:\/\/www.alfadentclinic.com\/en\/prosthesis-treatment\/\"]}]},{\"@type\":\"BreadcrumbList\",\"@id\":\"https:\/\/www.alfadentclinic.com\/en\/prosthesis-treatment\/#breadcrumb\",\"itemListElement\":[{\"@type\":\"ListItem\",\"position\":1,\"name\":\"Anasayfa\",\"item\":\"https:\/\/www.alfadentclinic.com\/en\/\"},{\"@type\":\"ListItem\",\"position\":2,\"name\":\"Protez Tedavisi\"}]},{\"@type\":\"WebSite\",\"@id\":\"https:\/\/www.alfadentclinic.com\/en\/#website\",\"url\":\"https:\/\/www.alfadentclinic.com\/en\/\",\"name\":\"Alfadent Clinic\",\"description\":\"G\u00fcl\u00fc\u015f\u00fcn\u00fcz\u00fc \u00d6nemsiyoruz\",\"potentialAction\":[{\"@type\":\"SearchAction\",\"target\":{\"@type\":\"EntryPoint\",\"urlTemplate\":\"https:\/\/www.alfadentclinic.com\/en\/?s={search_term_string}\"},\"query-input\":\"required name=search_term_string\"}],\"inLanguage\":\"tr\"}]}<\/script>\n<!-- \/ Yoast SEO plugin. -->","yoast_head_json":{"title":"Protez Tedavisi - Alfadent Clinic","robots":{"index":"index","follow":"follow","max-snippet":"max-snippet:-1","max-image-preview":"max-image-preview:large","max-video-preview":"max-video-preview:-1"},"canonical":"https:\/\/www.alfadentclinic.com\/en\/prosthesis-treatment\/","og_locale":"tr_TR","og_type":"article","og_title":"Protez Tedavisi - Alfadent Clinic","og_description":"Proactively envisioned multimedia based expertise and cross-media growth strategies. Seamlessly visualize quality intellectual capital without superior collaboration and idea-sharing. Holistically pontificate installed base portals after maintainable products.","og_url":"https:\/\/www.alfadentclinic.com\/en\/prosthesis-treatment\/","og_site_name":"Alfadent Clinic","article_modified_time":"2024-04-06T09:24:50+00:00","twitter_card":"summary_large_image","twitter_misc":{"Tahmini okuma s\u00fcresi":"5 dakika"},"schema":{"@context":"https:\/\/schema.org","@graph":[{"@type":"WebPage","@id":"https:\/\/www.alfadentclinic.com\/en\/prosthesis-treatment\/","url":"https:\/\/www.alfadentclinic.com\/en\/prosthesis-treatment\/","name":"Protez Tedavisi - Alfadent Clinic","isPartOf":{"@id":"https:\/\/www.alfadentclinic.com\/en\/#website"},"datePublished":"2024-03-14T16:40:38+00:00","dateModified":"2024-04-06T09:24:50+00:00","breadcrumb":{"@id":"https:\/\/www.alfadentclinic.com\/en\/prosthesis-treatment\/#breadcrumb"},"inLanguage":"tr","potentialAction":[{"@type":"ReadAction","target":["https:\/\/www.alfadentclinic.com\/en\/prosthesis-treatment\/"]}]},{"@type":"BreadcrumbList","@id":"https:\/\/www.alfadentclinic.com\/en\/prosthesis-treatment\/#breadcrumb","itemListElement":[{"@type":"ListItem","position":1,"name":"Anasayfa","item":"https:\/\/www.alfadentclinic.com\/en\/"},{"@type":"ListItem","position":2,"name":"Protez Tedavisi"}]},{"@type":"WebSite","@id":"https:\/\/www.alfadentclinic.com\/en\/#website","url":"https:\/\/www.alfadentclinic.com\/en\/","name":"Alfadent Clinic","description":"G\u00fcl\u00fc\u015f\u00fcn\u00fcz\u00fc \u00d6nemsiyoruz","potentialAction":[{"@type":"SearchAction","target":{"@type":"EntryPoint","urlTemplate":"https:\/\/www.alfadentclinic.com\/en\/?s={search_term_string}"},"query-input":"required name=search_term_string"}],"inLanguage":"tr"}]}},"_links":{"self":[{"href":"https:\/\/www.alfadentclinic.com\/en\/wp-json\/wp\/v2\/pages\/2192","targetHints":{"allow":["GET"]}}],"collection":[{"href":"https:\/\/www.alfadentclinic.com\/en\/wp-json\/wp\/v2\/pages"}],"about":[{"href":"https:\/\/www.alfadentclinic.com\/en\/wp-json\/wp\/v2\/types\/page"}],"author":[{"embeddable":true,"href":"https:\/\/www.alfadentclinic.com\/en\/wp-json\/wp\/v2\/users\/1"}],"replies":[{"embeddable":true,"href":"https:\/\/www.alfadentclinic.com\/en\/wp-json\/wp\/v2\/comments?post=2192"}],"version-history":[{"count":11,"href":"https:\/\/www.alfadentclinic.com\/en\/wp-json\/wp\/v2\/pages\/2192\/revisions"}],"predecessor-version":[{"id":2918,"href":"https:\/\/www.alfadentclinic.com\/en\/wp-json\/wp\/v2\/pages\/2192\/revisions\/2918"}],"wp:attachment":[{"href":"https:\/\/www.alfadentclinic.com\/en\/wp-json\/wp\/v2\/media?parent=2192"}],"curies":[{"name":"wp","href":"https:\/\/api.w.org\/{rel}","templated":true}]}}